
{"id":72,"date":"2022-09-13T13:51:42","date_gmt":"2022-09-13T17:51:42","guid":{"rendered":"https:\/\/pimlico.wpengine.com\/?page_id=72"},"modified":"2024-07-10T10:12:58","modified_gmt":"2024-07-10T14:12:58","slug":"orgullo-de-pimlico","status":"publish","type":"page","link":"https:\/\/citysprings.school\/es\/orgullo-de-pimlico\/","title":{"rendered":"Enriquecimiento"},"content":{"rendered":"<div id=\"fws_69dc2ceb8e7da\"  data-column-margin=\"10px\" data-midnight=\"light\"  class=\"wpb_row vc_row-fluid vc_row full-width-section has-row-bg-color vc_row-o-equal-height vc_row-flex vc_row-o-content-middle\"  style=\"padding-top: 0px; padding-bottom: 0px; --row-bg-color: #7741b3;\"><div class=\"row-bg-wrap\" data-bg-animation=\"none\" data-bg-animation-delay=\"\" data-bg-overlay=\"false\"><div class=\"inner-wrap row-bg-layer\" ><div class=\"row-bg viewport-desktop using-bg-color\"  style=\"background-color: #7741b3; \"><\/div><\/div><\/div><div class=\"row_col_wrap_12 col span_12 light right\">\n\t<div  class=\"vc_col-sm-6 vc_col-xs-12 wpb_column column_container vc_column_container col padding-8-percent force-phone-text-align-center inherit_tablet padding-2-percent_phone\"  data-padding-pos=\"all\" data-has-bg-color=\"false\" data-bg-color=\"\" data-bg-opacity=\"1\" data-animation=\"\" data-delay=\"0\" >\n\t\t<div class=\"vc_column-inner\" >\n\t\t\t<div class=\"wpb_wrapper\">\n\t\t\t\t\n<div class=\"wpb_text_column wpb_content_element\" >\n\t<h1>Enriquecimiento<\/h1>\n<\/div>\n\n\n\n\n\t\t\t<\/div> \n\t\t<\/div>\n\t<\/div> \n\n\t<div style=\"\" class=\"vc_col-sm-3 vc_col-xs-6 wpb_column column_container vc_column_container col no-extra-padding inherit_tablet padding-8-percent_phone\" data-using-bg=\"true\" data-bg-cover=\"true\" data-padding-pos=\"all\" data-has-bg-color=\"false\" data-bg-color=\"\" data-bg-opacity=\"1\" data-animation=\"\" data-delay=\"0\" >\n\t\t<div class=\"vc_column-inner\" ><div class=\"column-image-bg-wrap column-bg-layer viewport-desktop\" data-bg-pos=\"center center\" data-bg-animation=\"none\" data-bg-overlay=\"false\"><div class=\"inner-wrap\"><div class=\"column-image-bg\" style=\" background-image: url('https:\/\/citysprings.school\/wp-content\/uploads\/2024\/06\/City_Springs-children-playing-football-on-track.jpeg'); \"><\/div><\/div><\/div>\n\t\t\t<div class=\"wpb_wrapper\">\n\t\t\t\t\n\t\t\t<\/div> \n\t\t<\/div>\n\t<\/div> \n\n\t<div style=\"\" class=\"vc_col-sm-3 vc_col-xs-6 wpb_column column_container vc_column_container col no-extra-padding inherit_tablet padding-8-percent_phone\" data-using-bg=\"true\" data-bg-cover=\"true\" data-padding-pos=\"all\" data-has-bg-color=\"false\" data-bg-color=\"\" data-bg-opacity=\"1\" data-animation=\"\" data-delay=\"0\" >\n\t\t<div class=\"vc_column-inner\" ><div class=\"column-image-bg-wrap column-bg-layer viewport-desktop\" data-bg-pos=\"center center\" data-bg-animation=\"none\" data-bg-overlay=\"false\"><div class=\"inner-wrap\"><div class=\"column-image-bg\" style=\" background-image: url('https:\/\/citysprings.school\/wp-content\/uploads\/2024\/06\/City_Springs-Students-posing-for-picture.jpeg'); \"><\/div><\/div><\/div>\n\t\t\t<div class=\"wpb_wrapper\">\n\t\t\t\t\n\t\t\t<\/div> \n\t\t<\/div>\n\t<\/div> \n<\/div><\/div>\n\t\t<div id=\"home\"  data-column-margin=\"90px\" data-midnight=\"dark\"  class=\"wpb_row vc_row-fluid vc_row full-width-section has-row-bg-color vc_row-o-equal-height vc_row-flex vc_row-o-content-middle  reverse_columns_column_tablet reverse_columns_column_phone top_padding_tablet_8pct bottom_padding_tablet_8pct\"  style=\"padding-top: 0px; padding-bottom: 0px; --row-bg-color: #ffffff;\"><div class=\"row-bg-wrap\" data-bg-animation=\"none\" data-bg-animation-delay=\"\" data-bg-overlay=\"false\"><div class=\"inner-wrap row-bg-layer\" ><div class=\"row-bg viewport-desktop using-bg-color\"  style=\"background-color: #ffffff; \"><\/div><\/div><\/div><div class=\"row_col_wrap_12 col span_12 dark left\">\n\t<div style=\"\" class=\"vc_col-sm-6 vc_col-xs-12 wpb_column column_container vc_column_container col no-extra-padding inherit_tablet inherit_phone\" data-using-bg=\"true\" data-bg-cover=\"true\" data-padding-pos=\"all\" data-has-bg-color=\"false\" data-bg-color=\"\" data-bg-opacity=\"1\" data-animation=\"\" data-delay=\"0\" >\n\t\t<div class=\"vc_column-inner\" ><div class=\"column-image-bg-wrap column-bg-layer viewport-desktop\" data-bg-pos=\"center center\" data-bg-animation=\"none\" data-bg-overlay=\"false\"><div class=\"inner-wrap\"><div class=\"column-image-bg\" style=\" background-image: url('https:\/\/citysprings.school\/wp-content\/uploads\/2024\/06\/City_Springs-Students-creating-with-Legos.jpeg'); \"><\/div><\/div><\/div>\n\t\t\t<div class=\"wpb_wrapper\">\n\t\t\t\t<div class=\"divider-wrap height_tablet_40vh height_phone_300px\" data-alignment=\"default\"><div style=\"height: 30vh;\" class=\"divider\"><\/div><\/div>\n\t\t\t<\/div> \n\t\t<\/div>\n\t<\/div> \n\n\t<div style=\"z-index: 100; \" class=\"vc_col-sm-6 vc_col-xs-12 wpb_column column_container vc_column_container col padding-4-percent el_spacing_10px no-extra-padding_tablet no-extra-padding_phone\"  data-padding-pos=\"right\" data-has-bg-color=\"false\" data-bg-color=\"\" data-bg-opacity=\"1\" data-animation=\"\" data-delay=\"0\" >\n\t\t<div class=\"vc_column-inner\" >\n\t\t\t<div class=\"wpb_wrapper\">\n\t\t\t\t<div id=\"fws_69dc2ceb9023e\" data-midnight=\"\" data-column-margin=\"default\" class=\"wpb_row vc_row-fluid vc_row inner_row\"  style=\"\"><div class=\"row-bg-wrap\"> <div class=\"row-bg\" ><\/div> <\/div><div class=\"row_col_wrap_12_inner col span_12  left\">\n\t<div  class=\"vc_col-sm-12 wpb_column column_container vc_column_container col child_column has-animation no-extra-padding el_spacing_5px inherit_tablet inherit_phone\"   data-padding-pos=\"all\" data-has-bg-color=\"false\" data-bg-color=\"\" data-bg-opacity=\"1\" data-animation=\"fade-in-from-bottom\" data-delay=\"0\" >\n\t\t<div class=\"vc_column-inner\" >\n\t\t<div class=\"wpb_wrapper\">\n\t\t\t\n<div class=\"wpb_text_column wpb_content_element  vc_custom_1712173666228\" >\n\t<h2><span style=\"color: #7741b3;\">El aprendizaje nunca se detiene. <\/span><\/h2>\n<p>Ofrecemos emocionantes programas de verano despu\u00e9s de la escuela, dentro y fuera del sitio, y un extenso programa deportivo para que nuestros estudiantes exploren, aprendan y descubran de lo que son capaces.<\/p>\n<\/div>\n\n\n\n\n\t\t<\/div> \n\t<\/div>\n\t<\/div> \n<\/div><\/div>\n\t\t\t<\/div> \n\t\t<\/div>\n\t<\/div> \n<\/div><\/div>\n\t\t<div id=\"fws_69dc2ceb904d5\"  data-column-margin=\"default\" data-midnight=\"dark\"  class=\"wpb_row vc_row-fluid vc_row full-width-content has-row-bg-color vc_row-o-equal-height vc_row-flex vc_row-o-content-top\"  style=\"padding-top: 0px; padding-bottom: 0px; --row-bg-color: #1a1d21;\"><div class=\"row-bg-wrap\" data-bg-animation=\"none\" data-bg-animation-delay=\"\" data-bg-overlay=\"false\"><div class=\"inner-wrap row-bg-layer\" ><div class=\"row-bg viewport-desktop using-bg-color\"  style=\"background-color: #1a1d21; \"><\/div><\/div><\/div><div class=\"row_col_wrap_12 col span_12 dark left\">\n\t<div style=\" color: #ffffff;\" class=\"vc_col-sm-4 wpb_column column_container vc_column_container col padding-5-percent inherit_tablet inherit_phone\" data-cfc=\"true\" data-using-bg=\"true\" data-padding-pos=\"all\" data-has-bg-color=\"true\" data-bg-color=\"#7741b3\" data-bg-opacity=\"1\" data-animation=\"\" data-delay=\"0\" >\n\t\t<div class=\"vc_column-inner\" ><div class=\"column-bg-overlay-wrap column-bg-layer\" data-bg-animation=\"none\"><div class=\"column-bg-overlay\" style=\"opacity: 1; background-color: #7741b3;\"><\/div><\/div>\n\t\t\t<div class=\"wpb_wrapper\">\n\t\t\t\t\n<div class=\"wpb_text_column wpb_content_element  vc_custom_1718129993278\" >\n\t<h2 style=\"text-align: center;\">Despu\u00e9s del colegio<\/h2>\n<\/div>\n\n\n\n\n<div class=\"wpb_text_column wpb_content_element\" >\n\t<p><span style=\"font-weight: 400; color: #ffffff;\">Nuestro programa extracurricular Eagles Nest est\u00e1 financiado por subvenciones a trav\u00e9s del Departamento de Educaci\u00f3n del Estado de Maryland y ofrece 25 semanas de programaci\u00f3n para 75-90 estudiantes, K-8, que incluyen:<\/span><\/p>\n<ul>\n<li style=\"font-weight: 400;\" aria-level=\"1\"><span style=\"font-weight: 400; color: #ffffff;\">Ayuda con las tareas<\/span><\/li>\n<li style=\"font-weight: 400;\" aria-level=\"1\"><span style=\"color: #ffffff;\"><span style=\"font-weight: 400;\">Programaci\u00f3n STEM pr\u00e1ctica con <\/span><span style=\"text-decoration: underline;\"><a style=\"text-decoration: underline; color: #ffffff;\" href=\"https:\/\/letsgoboysandgirls.org\/\"><span style=\"font-weight: 400;\"><strong>VAMOS Ni\u00f1os y Ni\u00f1as<\/strong><\/span><\/a><span style=\"font-weight: 400;\">\u00a0<\/span><\/span><\/span><\/li>\n<li style=\"font-weight: 400;\" aria-level=\"1\"><span style=\"color: #ffffff;\"><span style=\"font-weight: 400;\">Enriquecimiento diario en<\/span><strong><span style=\"text-decoration: underline;\"><a style=\"text-decoration: underline; color: #ffffff;\" href=\"https:\/\/www.livingclassrooms.org\/ourp_pgming_youth_development_center.php\"> La Casa de la UA<\/a><\/span><\/strong><span style=\"font-weight: 400;\"> con un campo de c\u00e9sped cubierto (patrocinado por los Baltimore Ravens), centro de tutor\u00eda, laboratorio de desarrollo laboral y emprendimiento, estudio de danza y yoga, y cocina comunitaria\u00a0<\/span><\/span><\/li>\n<li style=\"font-weight: 400;\" aria-level=\"1\"><span style=\"font-weight: 400; color: #ffffff;\">Merienda y cena saludable<\/span><\/li>\n<li style=\"font-weight: 400;\" aria-level=\"1\"><span style=\"font-weight: 400; color: #ffffff;\">Servicios para apoyar la participaci\u00f3n de los padres.\u00a0<\/span><\/li>\n<\/ul>\n<\/div>\n\n\n\n\n\t\t\t<\/div> \n\t\t<\/div>\n\t<\/div> \n\n\t<div style=\"\" class=\"vc_col-sm-4 wpb_column column_container vc_column_container col padding-4-percent inherit_tablet padding-4-percent_phone border_top_desktop_2px border_color_7741b3 border_style_solid\" data-using-bg=\"true\" data-padding-pos=\"all\" data-has-bg-color=\"true\" data-bg-color=\"#ffffff\" data-bg-opacity=\"1\" data-animation=\"\" data-delay=\"0\" >\n\t\t<div class=\"vc_column-inner\" ><div class=\"column-bg-overlay-wrap column-bg-layer\" data-bg-animation=\"none\"><div class=\"column-bg-overlay\" style=\"opacity: 1; background-color: #ffffff;\"><\/div><\/div>\n\t\t\t<div class=\"wpb_wrapper\">\n\t\t\t\t\n<div class=\"wpb_text_column wpb_content_element  vc_custom_1718129986492\" >\n\t<h2 style=\"text-align: center;\">Enriquecimiento durante todo el a\u00f1o<\/h2>\n<\/div>\n\n\n\n\n<div class=\"wpb_text_column wpb_content_element\" >\n\t<h4><span style=\"font-weight: 400;\">Somos un recurso durante todo el a\u00f1o para nuestros estudiantes con enriquecimiento a trav\u00e9s de<\/span><a href=\"http:\/\/middlegradespartnership.org\/\"> <span style=\"font-weight: 400;\">Asociaci\u00f3n de grados intermedios<\/span><\/a><span style=\"font-weight: 400;\"> con la Escuela Preparatoria Maryvale, la <\/span><span style=\"font-weight: 400;\">POTENCIA comunitaria <\/span><span style=\"font-weight: 400;\">dirigido por la Fundaci\u00f3n Living Classrooms.<\/span><\/h4>\n<\/div>\n\n\n\n<div class=\"divider-wrap\" data-alignment=\"default\"><div style=\"height: 25px;\" class=\"divider\"><\/div><\/div><div class=\"img-with-aniamtion-wrap\" data-max-width=\"100%\" data-max-width-mobile=\"default\" data-shadow=\"none\" data-animation=\"fade-in\" >\n      <div class=\"inner\">\n        <div class=\"hover-wrap\"> \n          <div class=\"hover-wrap-inner\">\n            <img loading=\"lazy\" decoding=\"async\" class=\"img-with-animation skip-lazy\" data-delay=\"0\" height=\"853\" width=\"1280\" data-animation=\"fade-in\" src=\"https:\/\/citysprings.school\/wp-content\/uploads\/2024\/06\/City_Springs-students-looking-into-microscope.jpeg\" alt=\"Estudiantes de City Springs mirando al microscopio\" srcset=\"https:\/\/citysprings.school\/wp-content\/uploads\/2024\/06\/City_Springs-students-looking-into-microscope.jpeg 1280w, https:\/\/citysprings.school\/wp-content\/uploads\/2024\/06\/City_Springs-students-looking-into-microscope-300x200.jpeg 300w, https:\/\/citysprings.school\/wp-content\/uploads\/2024\/06\/City_Springs-students-looking-into-microscope-1024x682.jpeg 1024w, https:\/\/citysprings.school\/wp-content\/uploads\/2024\/06\/City_Springs-students-looking-into-microscope-768x512.jpeg 768w, https:\/\/citysprings.school\/wp-content\/uploads\/2024\/06\/City_Springs-students-looking-into-microscope-200x133.jpeg 200w, https:\/\/citysprings.school\/wp-content\/uploads\/2024\/06\/City_Springs-students-looking-into-microscope-600x400.jpeg 600w, https:\/\/citysprings.school\/wp-content\/uploads\/2024\/06\/City_Springs-students-looking-into-microscope-900x600.jpeg 900w\" sizes=\"auto, (max-width: 1280px) 100vw, 1280px\" \/>\n          <\/div>\n        <\/div>\n        \n      <\/div>\n    <\/div>\n\t\t\t<\/div> \n\t\t<\/div>\n\t<\/div> \n\n\t<div style=\" color: #ffffff;\" class=\"vc_col-sm-4 wpb_column column_container vc_column_container col padding-5-percent inherit_tablet inherit_phone\" data-cfc=\"true\" data-using-bg=\"true\" data-padding-pos=\"all\" data-has-bg-color=\"true\" data-bg-color=\"#7741b3\" data-bg-opacity=\"1\" data-animation=\"\" data-delay=\"0\" >\n\t\t<div class=\"vc_column-inner\" ><div class=\"column-bg-overlay-wrap column-bg-layer\" data-bg-animation=\"none\"><div class=\"column-bg-overlay\" style=\"opacity: 1; background-color: #7741b3;\"><\/div><\/div>\n\t\t\t<div class=\"wpb_wrapper\">\n\t\t\t\t\n<div class=\"wpb_text_column wpb_content_element  vc_custom_1718129975819\" >\n\t<h2 style=\"text-align: center;\">Atletismo<\/h2>\n<\/div>\n\n\n\n\n<div class=\"wpb_text_column wpb_content_element\" >\n\t<p><span style=\"color: #ffffff;\">Nuestro diverso programa deportivo apoya el \u00e9xito y el rendimiento acad\u00e9mico de los estudiantes. Los estudiantes atletas deben mantener un alto nivel acad\u00e9mico, demostrar cualidades de liderazgo, mostrar un alto nivel de comportamiento y excelente esp\u00edritu deportivo y mantener un promedio de puntos diario 90%.<\/span><\/p>\n<ul>\n<li><span style=\"color: #ffffff;\">Atletismo para grados elemental y medio.<\/span><\/li>\n<li><span style=\"color: #ffffff;\">Equipos de f\u00fatbol americano, f\u00fatbol americano, voleibol, baloncesto, lucha libre, b\u00e9isbol, softbol, porristas, atletismo, golf.<\/span><\/li>\n<li><span style=\"color: #ffffff;\"><a style=\"color: #ffffff;\" href=\"https:\/\/www.girlsontherun.org\/\" target=\"_blank\" rel=\"noopener\"><span style=\"text-decoration: underline;\"><strong>Chicas a la carrera<\/strong><\/span><\/a> Club de Corredores<\/span><\/li>\n<\/ul>\n<\/div>\n\n\n\n\n\t\t\t<\/div> \n\t\t<\/div>\n\t<\/div> \n<\/div><\/div>\n\t\t<div id=\"fws_69dc2ceb9179e\"  data-column-margin=\"default\" data-midnight=\"dark\"  class=\"wpb_row vc_row-fluid vc_row full-width-section\"  style=\"padding-top: 0px; padding-bottom: 0px; \"><div class=\"row-bg-wrap\" data-bg-animation=\"none\" data-bg-animation-delay=\"\" data-bg-overlay=\"false\"><div class=\"inner-wrap row-bg-layer using-image\" ><div class=\"row-bg viewport-desktop using-image\"  style=\"background-image: url(https:\/\/citysprings.school\/wp-content\/uploads\/2024\/06\/City-Spring-athletic-field-purple.jpeg); background-position: center center; background-repeat: no-repeat; \"><\/div><\/div><\/div><div class=\"row_col_wrap_12 col span_12 dark left\">\n\t<div  class=\"vc_col-sm-12 wpb_column column_container vc_column_container col no-extra-padding inherit_tablet inherit_phone\"  data-padding-pos=\"all\" data-has-bg-color=\"false\" data-bg-color=\"\" data-bg-opacity=\"1\" data-animation=\"\" data-delay=\"0\" >\n\t\t<div class=\"vc_column-inner\" >\n\t\t\t<div class=\"wpb_wrapper\">\n\t\t\t\t<div class=\"divider-wrap\" data-alignment=\"default\"><div style=\"height: 35vh;\" class=\"divider\"><\/div><\/div>\n\t\t\t<\/div> \n\t\t<\/div>\n\t<\/div> \n<\/div><\/div>\n\t\t<div id=\"home\"  data-column-margin=\"90px\" data-midnight=\"dark\"  class=\"wpb_row vc_row-fluid vc_row full-width-section has-row-bg-color vc_row-o-equal-height vc_row-flex vc_row-o-content-middle  top_padding_tablet_8pct bottom_padding_tablet_8pct\" data-using-ctc=\"true\" style=\"padding-top: 0px; padding-bottom: 0px; color: var(--nectar-page-text-color,#ffffff); --row-bg-color: #7741b3;\"><div class=\"row-bg-wrap\" data-bg-animation=\"none\" data-bg-animation-delay=\"\" data-bg-overlay=\"false\"><div class=\"inner-wrap row-bg-layer\" ><div class=\"row-bg viewport-desktop using-bg-color\"  style=\"background-color: #7741b3; \"><\/div><\/div><\/div><div class=\"row_col_wrap_12 col span_12 custom left\">\n\t<div style=\"z-index: 100; \" class=\"vc_col-sm-12 vc_col-xs-12 wpb_column column_container vc_column_container col padding-7-percent el_spacing_10px no-extra-padding_tablet no-extra-padding_phone\"  data-padding-pos=\"all\" data-has-bg-color=\"false\" data-bg-color=\"\" data-bg-opacity=\"1\" data-animation=\"\" data-delay=\"0\" >\n\t\t<div class=\"vc_column-inner\" >\n\t\t\t<div class=\"wpb_wrapper\">\n\t\t\t\t\n<div class=\"wpb_text_column wpb_content_element\" >\n\t<h3>Una gran parte de nuestro Purple Pride en City Springs es nuestra asociaci\u00f3n continua con los Baltimore Ravens. Los jugadores y entrenadores nos visitan para inspirar a nuestros maestros y estudiantes, y los Ravens hicieron una contribuci\u00f3n significativa a nuestro campo de c\u00e9sped morado.<\/h3>\n<\/div>\n\n\n\n\n\t\t\t<\/div> \n\t\t<\/div>\n\t<\/div> \n<\/div><\/div>","protected":false},"excerpt":{"rendered":"El aprendizaje enriquecedor nunca se detiene. Ofrecemos emocionantes programas de verano despu\u00e9s de la escuela, dentro y fuera del sitio, y un extenso programa deportivo para que nuestros estudiantes exploren, aprendan y descubran exactamente lo que...","protected":false},"author":2,"featured_media":0,"parent":0,"menu_order":0,"comment_status":"closed","ping_status":"closed","template":"","meta":{"footnotes":""},"class_list":["post-72","page","type-page","status-publish"],"yoast_head":"<!-- This site is optimized with the Yoast SEO plugin v27.3 - https:\/\/yoast.com\/product\/yoast-seo-wordpress\/ -->\n<title>Enrichment | City Springs Elementary \/ Middle School | Baltimore City Charter School<\/title>\n<meta name=\"description\" content=\"Our students enjoy weekly enrichment classes in art, physical education, and technology taught by dedicated, subject-expert teachers.\" \/>\n<meta name=\"robots\" content=\"index, follow, max-snippet:-1, max-image-preview:large, max-video-preview:-1\" \/>\n<link rel=\"canonical\" href=\"https:\/\/citysprings.school\/es\/orgullo-de-pimlico\/\" \/>\n<meta property=\"og:locale\" content=\"es_ES\" \/>\n<meta property=\"og:type\" content=\"article\" \/>\n<meta property=\"og:title\" content=\"Enrichment | City Springs Elementary \/ Middle School | Baltimore City Charter School\" \/>\n<meta property=\"og:description\" content=\"Our students enjoy weekly enrichment classes in art, physical education, and technology taught by dedicated, subject-expert teachers.\" \/>\n<meta property=\"og:url\" content=\"https:\/\/citysprings.school\/es\/orgullo-de-pimlico\/\" \/>\n<meta property=\"og:site_name\" content=\"City Springs Elementary \/ Middle School\" \/>\n<meta property=\"article:publisher\" content=\"https:\/\/www.facebook.com\/Pimlico223\" \/>\n<meta property=\"article:modified_time\" content=\"2024-07-10T14:12:58+00:00\" \/>\n<meta name=\"twitter:card\" content=\"summary_large_image\" \/>\n<meta name=\"twitter:label1\" content=\"Est. reading time\" \/>\n\t<meta name=\"twitter:data1\" content=\"5 minutos\" \/>\n<script type=\"application\/ld+json\" class=\"yoast-schema-graph\">{\"@context\":\"https:\\\/\\\/schema.org\",\"@graph\":[{\"@type\":\"WebPage\",\"@id\":\"https:\\\/\\\/citysprings.school\\\/enrichment\\\/\",\"url\":\"https:\\\/\\\/citysprings.school\\\/enrichment\\\/\",\"name\":\"Enrichment | City Springs Elementary \\\/ Middle School | Baltimore City Charter School\",\"isPartOf\":{\"@id\":\"https:\\\/\\\/citysprings.school\\\/#website\"},\"datePublished\":\"2022-09-13T17:51:42+00:00\",\"dateModified\":\"2024-07-10T14:12:58+00:00\",\"description\":\"Our students enjoy weekly enrichment classes in art, physical education, and technology taught by dedicated, subject-expert teachers.\",\"breadcrumb\":{\"@id\":\"https:\\\/\\\/citysprings.school\\\/enrichment\\\/#breadcrumb\"},\"inLanguage\":\"es\",\"potentialAction\":[{\"@type\":\"ReadAction\",\"target\":[\"https:\\\/\\\/citysprings.school\\\/enrichment\\\/\"]}]},{\"@type\":\"BreadcrumbList\",\"@id\":\"https:\\\/\\\/citysprings.school\\\/enrichment\\\/#breadcrumb\",\"itemListElement\":[{\"@type\":\"ListItem\",\"position\":1,\"name\":\"Home\",\"item\":\"https:\\\/\\\/citysprings.school\\\/\"},{\"@type\":\"ListItem\",\"position\":2,\"name\":\"Enrichment\"}]},{\"@type\":\"WebSite\",\"@id\":\"https:\\\/\\\/citysprings.school\\\/#website\",\"url\":\"https:\\\/\\\/citysprings.school\\\/\",\"name\":\"City Springs Elementary \\\/ Middle School\",\"description\":\"A Neighborhood Charter School of Baltimore Curriculum Project\",\"publisher\":{\"@id\":\"https:\\\/\\\/citysprings.school\\\/#organization\"},\"potentialAction\":[{\"@type\":\"SearchAction\",\"target\":{\"@type\":\"EntryPoint\",\"urlTemplate\":\"https:\\\/\\\/citysprings.school\\\/?s={search_term_string}\"},\"query-input\":{\"@type\":\"PropertyValueSpecification\",\"valueRequired\":true,\"valueName\":\"search_term_string\"}}],\"inLanguage\":\"es\"},{\"@type\":\"Organization\",\"@id\":\"https:\\\/\\\/citysprings.school\\\/#organization\",\"name\":\"City Springs Elementary \\\/ Middle School\",\"url\":\"https:\\\/\\\/citysprings.school\\\/\",\"logo\":{\"@type\":\"ImageObject\",\"inLanguage\":\"es\",\"@id\":\"https:\\\/\\\/citysprings.school\\\/#\\\/schema\\\/logo\\\/image\\\/\",\"url\":\"https:\\\/\\\/wolfestreet.wpengine.com\\\/wp-content\\\/uploads\\\/2022\\\/09\\\/pimlico_logo_tagline.jpg\",\"contentUrl\":\"https:\\\/\\\/wolfestreet.wpengine.com\\\/wp-content\\\/uploads\\\/2022\\\/09\\\/pimlico_logo_tagline.jpg\",\"width\":488,\"height\":185,\"caption\":\"City Springs Elementary \\\/ Middle School\"},\"image\":{\"@id\":\"https:\\\/\\\/citysprings.school\\\/#\\\/schema\\\/logo\\\/image\\\/\"},\"sameAs\":[\"https:\\\/\\\/www.facebook.com\\\/Pimlico223\",\"https:\\\/\\\/www.instagram.com\\\/pimlico223\\\/\"]}]}<\/script>\n<!-- \/ Yoast SEO plugin. -->","yoast_head_json":{"title":"Enriquecimiento | Escuela primaria\/secundaria de City Springs | Escuela aut\u00f3noma de la ciudad de Baltimore","description":"Nuestros alumnos disfrutan de clases semanales de enriquecimiento en arte, educaci\u00f3n f\u00edsica y tecnolog\u00eda impartidas por profesores expertos en la materia.","robots":{"index":"index","follow":"follow","max-snippet":"max-snippet:-1","max-image-preview":"max-image-preview:large","max-video-preview":"max-video-preview:-1"},"canonical":"https:\/\/citysprings.school\/es\/orgullo-de-pimlico\/","og_locale":"es_ES","og_type":"article","og_title":"Enrichment | City Springs Elementary \/ Middle School | Baltimore City Charter School","og_description":"Our students enjoy weekly enrichment classes in art, physical education, and technology taught by dedicated, subject-expert teachers.","og_url":"https:\/\/citysprings.school\/es\/orgullo-de-pimlico\/","og_site_name":"City Springs Elementary \/ Middle School","article_publisher":"https:\/\/www.facebook.com\/Pimlico223","article_modified_time":"2024-07-10T14:12:58+00:00","twitter_card":"summary_large_image","twitter_misc":{"Est. reading time":"5 minutos"},"schema":{"@context":"https:\/\/schema.org","@graph":[{"@type":"WebPage","@id":"https:\/\/citysprings.school\/enrichment\/","url":"https:\/\/citysprings.school\/enrichment\/","name":"Enriquecimiento | Escuela primaria\/secundaria de City Springs | Escuela aut\u00f3noma de la ciudad de Baltimore","isPartOf":{"@id":"https:\/\/citysprings.school\/#website"},"datePublished":"2022-09-13T17:51:42+00:00","dateModified":"2024-07-10T14:12:58+00:00","description":"Nuestros alumnos disfrutan de clases semanales de enriquecimiento en arte, educaci\u00f3n f\u00edsica y tecnolog\u00eda impartidas por profesores expertos en la materia.","breadcrumb":{"@id":"https:\/\/citysprings.school\/enrichment\/#breadcrumb"},"inLanguage":"es","potentialAction":[{"@type":"ReadAction","target":["https:\/\/citysprings.school\/enrichment\/"]}]},{"@type":"BreadcrumbList","@id":"https:\/\/citysprings.school\/enrichment\/#breadcrumb","itemListElement":[{"@type":"ListItem","position":1,"name":"Home","item":"https:\/\/citysprings.school\/"},{"@type":"ListItem","position":2,"name":"Enrichment"}]},{"@type":"WebSite","@id":"https:\/\/citysprings.school\/#website","url":"https:\/\/citysprings.school\/","name":"Escuela Primaria \/ Secundaria de City Springs","description":"Un proyecto curricular de la Neighborhood Charter School de Baltimore","publisher":{"@id":"https:\/\/citysprings.school\/#organization"},"potentialAction":[{"@type":"SearchAction","target":{"@type":"EntryPoint","urlTemplate":"https:\/\/citysprings.school\/?s={search_term_string}"},"query-input":{"@type":"PropertyValueSpecification","valueRequired":true,"valueName":"search_term_string"}}],"inLanguage":"es"},{"@type":"Organization","@id":"https:\/\/citysprings.school\/#organization","name":"Escuela Primaria \/ Secundaria de City Springs","url":"https:\/\/citysprings.school\/","logo":{"@type":"ImageObject","inLanguage":"es","@id":"https:\/\/citysprings.school\/#\/schema\/logo\/image\/","url":"https:\/\/wolfestreet.wpengine.com\/wp-content\/uploads\/2022\/09\/pimlico_logo_tagline.jpg","contentUrl":"https:\/\/wolfestreet.wpengine.com\/wp-content\/uploads\/2022\/09\/pimlico_logo_tagline.jpg","width":488,"height":185,"caption":"City Springs Elementary \/ Middle School"},"image":{"@id":"https:\/\/citysprings.school\/#\/schema\/logo\/image\/"},"sameAs":["https:\/\/www.facebook.com\/Pimlico223","https:\/\/www.instagram.com\/pimlico223\/"]}]}},"featured_image_src":null,"featured_image_src_square":null,"_links":{"self":[{"href":"https:\/\/citysprings.school\/es\/wp-json\/wp\/v2\/pages\/72","targetHints":{"allow":["GET"]}}],"collection":[{"href":"https:\/\/citysprings.school\/es\/wp-json\/wp\/v2\/pages"}],"about":[{"href":"https:\/\/citysprings.school\/es\/wp-json\/wp\/v2\/types\/page"}],"author":[{"embeddable":true,"href":"https:\/\/citysprings.school\/es\/wp-json\/wp\/v2\/users\/2"}],"replies":[{"embeddable":true,"href":"https:\/\/citysprings.school\/es\/wp-json\/wp\/v2\/comments?post=72"}],"version-history":[{"count":0,"href":"https:\/\/citysprings.school\/es\/wp-json\/wp\/v2\/pages\/72\/revisions"}],"wp:attachment":[{"href":"https:\/\/citysprings.school\/es\/wp-json\/wp\/v2\/media?parent=72"}],"curies":[{"name":"wp","href":"https:\/\/api.w.org\/{rel}","templated":true}]}}