
{"id":451,"date":"2024-02-14T13:23:36","date_gmt":"2024-02-14T18:23:36","guid":{"rendered":"https:\/\/citysprings.school\/?page_id=451"},"modified":"2025-08-14T13:44:29","modified_gmt":"2025-08-14T17:44:29","slug":"purple-power","status":"publish","type":"page","link":"https:\/\/citysprings.school\/fr\/purple-power\/","title":{"rendered":"Puissance violette"},"content":{"rendered":"<div id=\"fws_69d1efb89f44f\"  data-column-margin=\"10px\" data-midnight=\"light\"  class=\"wpb_row vc_row-fluid vc_row full-width-section has-row-bg-color vc_row-o-equal-height vc_row-flex vc_row-o-content-middle\"  style=\"padding-top: 0px; padding-bottom: 0px; --row-bg-color: #7741b3;\"><div class=\"row-bg-wrap\" data-bg-animation=\"none\" data-bg-animation-delay=\"\" data-bg-overlay=\"false\"><div class=\"inner-wrap row-bg-layer\" ><div class=\"row-bg viewport-desktop using-bg-color\"  style=\"background-color: #7741b3; \"><\/div><\/div><\/div><div class=\"row_col_wrap_12 col span_12 light right\">\n\t<div  class=\"vc_col-sm-6 vc_col-xs-12 wpb_column column_container vc_column_container col padding-8-percent force-phone-text-align-center inherit_tablet padding-2-percent_phone\"  data-padding-pos=\"all\" data-has-bg-color=\"false\" data-bg-color=\"\" data-bg-opacity=\"1\" data-animation=\"\" data-delay=\"0\" >\n\t\t<div class=\"vc_column-inner\" >\n\t\t\t<div class=\"wpb_wrapper\">\n\t\t\t\t\n<div class=\"wpb_text_column wpb_content_element\" >\n\t<h1>Puissance violette<\/h1>\n<\/div>\n\n\n\n\n\t\t\t<\/div> \n\t\t<\/div>\n\t<\/div> \n\n\t<div style=\"\" class=\"vc_col-sm-3 vc_col-xs-6 wpb_column column_container vc_column_container col no-extra-padding inherit_tablet padding-8-percent_phone\" data-using-bg=\"true\" data-bg-cover=\"true\" data-padding-pos=\"all\" data-has-bg-color=\"false\" data-bg-color=\"\" data-bg-opacity=\"1\" data-animation=\"\" data-delay=\"0\" >\n\t\t<div class=\"vc_column-inner\" ><div class=\"column-image-bg-wrap column-bg-layer viewport-desktop\" data-bg-pos=\"center top\" data-bg-animation=\"none\" data-bg-overlay=\"false\"><div class=\"inner-wrap\"><div class=\"column-image-bg\" style=\" background-image: url('https:\/\/citysprings.school\/wp-content\/uploads\/2024\/06\/CS-child-with-all-smiles.jpeg'); \"><\/div><\/div><\/div>\n\t\t\t<div class=\"wpb_wrapper\">\n\t\t\t\t\n\t\t\t<\/div> \n\t\t<\/div>\n\t<\/div> \n\n\t<div style=\"\" class=\"vc_col-sm-3 vc_col-xs-6 wpb_column column_container vc_column_container col no-extra-padding inherit_tablet padding-8-percent_phone\" data-using-bg=\"true\" data-bg-cover=\"true\" data-padding-pos=\"all\" data-has-bg-color=\"false\" data-bg-color=\"\" data-bg-opacity=\"1\" data-animation=\"\" data-delay=\"0\" >\n\t\t<div class=\"vc_column-inner\" ><div class=\"column-image-bg-wrap column-bg-layer viewport-desktop\" data-bg-pos=\"center center\" data-bg-animation=\"none\" data-bg-overlay=\"false\"><div class=\"inner-wrap\"><div class=\"column-image-bg\" style=\" background-image: url('https:\/\/citysprings.school\/wp-content\/uploads\/2024\/06\/City-Springs-Dr.-Richetta-with-students.jpeg'); \"><\/div><\/div><\/div>\n\t\t\t<div class=\"wpb_wrapper\">\n\t\t\t\t\n\t\t\t<\/div> \n\t\t<\/div>\n\t<\/div> \n<\/div><\/div>\n\t\t<div id=\"home\"  data-column-margin=\"90px\" data-midnight=\"dark\"  class=\"wpb_row vc_row-fluid vc_row full-width-section has-row-bg-color vc_row-o-equal-height vc_row-flex  top_margin_0px reverse_columns_column_tablet reverse_columns_column_phone top_padding_tablet_8pct bottom_padding_tablet_8pct\"  style=\"padding-top: 0px; padding-bottom: 0px; --row-bg-color: #ffffff;\"><div class=\"row-bg-wrap\" data-bg-animation=\"none\" data-bg-animation-delay=\"\" data-bg-overlay=\"false\"><div class=\"inner-wrap row-bg-layer\" ><div class=\"row-bg viewport-desktop using-bg-color\"  style=\"background-color: #ffffff; \"><\/div><\/div><\/div><div class=\"row_col_wrap_12 col span_12 dark left\">\n\t<div style=\"\" class=\"vc_col-sm-6 vc_col-xs-12 wpb_column column_container vc_column_container col no-extra-padding inherit_tablet inherit_phone\" data-using-bg=\"true\" data-bg-cover=\"true\" data-padding-pos=\"all\" data-has-bg-color=\"false\" data-bg-color=\"\" data-bg-opacity=\"1\" data-animation=\"\" data-delay=\"0\" >\n\t\t<div class=\"vc_column-inner\" ><div class=\"column-image-bg-wrap column-bg-layer viewport-desktop\" data-bg-pos=\"center center\" data-bg-animation=\"none\" data-bg-overlay=\"false\"><div class=\"inner-wrap\"><div class=\"column-image-bg\" style=\" background-image: url('https:\/\/citysprings.school\/wp-content\/uploads\/2024\/06\/City-Springs-students-reading.jpeg'); \"><\/div><\/div><\/div>\n\t\t\t<div class=\"wpb_wrapper\">\n\t\t\t\t<div class=\"divider-wrap height_tablet_45vh height_phone_25vh\" data-alignment=\"default\"><div style=\"height: 30vh;\" class=\"divider\"><\/div><\/div>\n\t\t\t<\/div> \n\t\t<\/div>\n\t<\/div> \n\n\t<div  class=\"vc_col-sm-6 vc_col-xs-12 wpb_column column_container vc_column_container col padding-6-percent el_spacing_10px no-extra-padding_tablet no-extra-padding_phone\"  data-padding-pos=\"top-bottom\" data-has-bg-color=\"false\" data-bg-color=\"\" data-bg-opacity=\"1\" data-animation=\"\" data-delay=\"0\" >\n\t\t<div class=\"vc_column-inner\" >\n\t\t\t<div class=\"wpb_wrapper\">\n\t\t\t\t\n<div class=\"wpb_text_column wpb_content_element\" >\n\t<h2>\u00ab Ce n&#039;est pas une couleur. C&#039;est une attitude !<\/h2>\n<p><span style=\"font-weight: 400;\">Nous aimons le violet, de nos uniformes \u00e0 notre terrain en gazon unique en son genre\u00a0! C&#039;est bien plus que la couleur de notre \u00e9cole. En fait, notre devise est \u00ab Ce n&#039;est pas une couleur. C&#039;est une attitude !\u00a0<\/span><\/p>\n<p><span style=\"font-weight: 400;\">Cette attitude consiste \u00e0 poss\u00e9der des attributs et des habitudes de leadership et \u00e0 croire en chaque \u00e9l\u00e8ve et en ce qu&#039;il peut accomplir aujourd&#039;hui et demain.\u00a0<\/span><\/p>\n<\/div>\n\n\n\n\n\t\t\t<\/div> \n\t\t<\/div>\n\t<\/div> \n<\/div><\/div>\n\t\t<div id=\"fws_69d1efb8a036b\"  data-column-margin=\"default\" data-midnight=\"dark\"  class=\"wpb_row vc_row-fluid vc_row full-width-content has-row-bg-color vc_row-o-equal-height vc_row-flex vc_row-o-content-middle\"  style=\"padding-top: 0px; padding-bottom: 0px; --row-bg-color: #d1d1d1;\"><div class=\"row-bg-wrap\" data-bg-animation=\"none\" data-bg-animation-delay=\"\" data-bg-overlay=\"false\"><div class=\"inner-wrap row-bg-layer\" ><div class=\"row-bg viewport-desktop using-bg-color\"  style=\"background-color: #d1d1d1; \"><\/div><\/div><\/div><div class=\"row_col_wrap_12 col span_12 dark left\">\n\t<div  class=\"vc_col-sm-8 wpb_column column_container vc_column_container col padding-7-percent inherit_tablet inherit_phone\"  data-padding-pos=\"all\" data-has-bg-color=\"false\" data-bg-color=\"\" data-bg-opacity=\"1\" data-animation=\"\" data-delay=\"0\" >\n\t\t<div class=\"vc_column-inner\" >\n\t\t\t<div class=\"wpb_wrapper\">\n\t\t\t\t\n<div class=\"wpb_text_column wpb_content_element\" >\n\t<h2><b>L\u2019engagement de City Springs<\/b><\/h2>\n<p>Chaque aspect de notre culture scolaire est orient\u00e9 vers des interactions et des r\u00e9sultats positifs. Nos \u00e9tudiants, enseignants et personnel vivent et respirent l&#039;engagement, les attributs et les 8 habitudes pour des enfants heureux de City Springs.<\/p>\n<p>Tout comme la couleur violette, les mots font partie de notre ADN.<\/p>\n<\/div>\n\n\n\n<a class=\"nectar-button jumbo regular accent-color  regular-button\"  role=\"button\" style=\"\"  href=\"https:\/\/citysprings.school\/wp-content\/uploads\/2024\/04\/The-City-Springs-Pledge.pdf\" data-color-override=\"false\" data-hover-color-override=\"false\" data-hover-text-color-override=\"#fff\"><span>T\u00e9l\u00e9chargez l&#039;engagement, les attributs et les habitudes<\/span><\/a>\n\t\t\t<\/div> \n\t\t<\/div>\n\t<\/div> \n\n\t<div style=\"\" class=\"vc_col-sm-4 wpb_column column_container vc_column_container col no-extra-padding inherit_tablet padding-1-percent_phone\" data-using-bg=\"true\" data-bg-cover=\"true\" data-padding-pos=\"all\" data-has-bg-color=\"false\" data-bg-color=\"\" data-bg-opacity=\"1\" data-animation=\"\" data-delay=\"0\" >\n\t\t<div class=\"vc_column-inner\" ><div class=\"column-image-bg-wrap column-bg-layer viewport-desktop\" data-bg-pos=\"center center\" data-bg-animation=\"none\" data-bg-overlay=\"false\"><div class=\"inner-wrap\"><div class=\"column-image-bg\" style=\" background-image: url('https:\/\/citysprings.school\/wp-content\/uploads\/2024\/06\/City-Springs-student-writing.jpeg'); \"><\/div><\/div><\/div>\n\t\t\t<div class=\"wpb_wrapper\">\n\t\t\t\t<div class=\"divider-wrap\" data-alignment=\"default\"><div style=\"height: 20vh;\" class=\"divider\"><\/div><\/div>\n\t\t\t<\/div> \n\t\t<\/div>\n\t<\/div> \n<\/div><\/div>\n\t\t<div id=\"fws_69d1efb8a0918\"  data-column-margin=\"default\" data-midnight=\"light\"  class=\"wpb_row vc_row-fluid vc_row full-width-section has-row-bg-color vc_row-o-equal-height vc_row-flex vc_row-o-content-middle\"  style=\"padding-top: 0px; padding-bottom: 0px; --row-bg-color: #7741b3;\"><div class=\"row-bg-wrap\" data-bg-animation=\"none\" data-bg-animation-delay=\"\" data-bg-overlay=\"false\"><div class=\"inner-wrap row-bg-layer\" ><div class=\"row-bg viewport-desktop using-bg-color\"  style=\"background-color: #7741b3; \"><\/div><\/div><\/div><div class=\"row_col_wrap_12 col span_12 light left\">\n\t<div  class=\"vc_col-sm-12 wpb_column column_container vc_column_container col centered-text padding-5-percent inherit_tablet inherit_phone\"  data-padding-pos=\"all\" data-has-bg-color=\"false\" data-bg-color=\"\" data-bg-opacity=\"1\" data-animation=\"\" data-delay=\"0\" >\n\t\t<div class=\"vc_column-inner\" >\n\t\t\t<div class=\"wpb_wrapper\">\n\t\t\t\t<div class=\"divider-wrap\" data-alignment=\"default\"><div style=\"height: 20px;\" class=\"divider\"><\/div><\/div>\n<div class=\"wpb_text_column wpb_content_element\" >\n\t<h2><b>Pratique restauratrice<\/b><\/h2>\n<p>Les pratiques r\u00e9paratrices apprennent aux \u00e9l\u00e8ves \u00e0 faire les bonnes choses parce qu\u2019ils le souhaitent.<br \/>\nEn 2007, City Springs a \u00e9t\u00e9 pionni\u00e8re dans l&#039;utilisation de pratiques r\u00e9paratrices pour le projet de programme scolaire de Baltimore, qui sont d\u00e9sormais utilis\u00e9es par de nombreuses \u00e9coles publiques de la ville et du comt\u00e9 de Baltimore.<\/p>\n<p>Les pratiques r\u00e9paratrices aident \u00e0 cr\u00e9er une communaut\u00e9 positive et respectueuse, \u00e0 r\u00e9duire les conflits et \u00e0 enseigner aux \u00e9tudiants comment r\u00e9soudre les probl\u00e8mes. Les enseignants form\u00e9s utilisent des pratiques r\u00e9paratrices pour remplacer les comportements inacceptables par des comportements acceptables \u00e0 travers des temps de cercle quotidiens et des conversations guid\u00e9es. Nos pairs m\u00e9diateurs form\u00e9s (de la 5e \u00e0 la 8e ann\u00e9e) travaillent \u00e0 cr\u00e9er des groupes d&#039;amis positifs, \u00e0 r\u00e9soudre des conflits et \u00e0 d&#039;autres initiatives de pratiques r\u00e9paratrices. Apprenez-en davantage aupr\u00e8s du <span style=\"text-decoration: underline;\"><span style=\"color: #ffffff; text-decoration: underline;\"><a style=\"color: #ffffff; text-decoration: underline;\" href=\"https:\/\/www.iirp.edu\/\">Institut international des pratiques r\u00e9paratrices<\/a>.\u00a0<\/span><\/span><\/p>\n<\/div>\n\n\n\n<div class=\"divider-wrap\" data-alignment=\"default\"><div style=\"height: 10px;\" class=\"divider\"><\/div><\/div>\n\t\t\t<\/div> \n\t\t<\/div>\n\t<\/div> \n<\/div><\/div>\n\t\t<div id=\"home\"  data-column-margin=\"90px\" data-midnight=\"dark\"  class=\"wpb_row vc_row-fluid vc_row full-width-section has-row-bg-color vc_row-o-equal-height vc_row-flex vc_row-o-content-middle  reverse_columns_column_tablet reverse_columns_column_phone top_padding_tablet_8pct bottom_padding_tablet_8pct\"  style=\"padding-top: 0px; padding-bottom: 0px; --row-bg-color: #ffffff;\"><div class=\"row-bg-wrap\" data-bg-animation=\"none\" data-bg-animation-delay=\"\" data-bg-overlay=\"false\"><div class=\"inner-wrap row-bg-layer\" ><div class=\"row-bg viewport-desktop using-bg-color\"  style=\"background-color: #ffffff; \"><\/div><\/div><\/div><div class=\"row_col_wrap_12 col span_12 dark left\">\n\t<div style=\"\" class=\"vc_col-sm-6 vc_col-xs-12 wpb_column column_container vc_column_container col no-extra-padding inherit_tablet inherit_phone\" data-using-bg=\"true\" data-bg-cover=\"true\" data-padding-pos=\"all\" data-has-bg-color=\"false\" data-bg-color=\"\" data-bg-opacity=\"1\" data-animation=\"\" data-delay=\"0\" >\n\t\t<div class=\"vc_column-inner\" ><div class=\"column-image-bg-wrap column-bg-layer viewport-desktop\" data-bg-pos=\"right center\" data-bg-animation=\"none\" data-bg-overlay=\"false\"><div class=\"inner-wrap\"><div class=\"column-image-bg\" style=\" background-image: url('https:\/\/citysprings.school\/wp-content\/uploads\/2024\/06\/City-Springs-student-support.jpeg'); \"><\/div><\/div><\/div>\n\t\t\t<div class=\"wpb_wrapper\">\n\t\t\t\t<div class=\"divider-wrap height_tablet_40vh height_phone_300px\" data-alignment=\"default\"><div style=\"height: 45vh;\" class=\"divider\"><\/div><\/div>\n\t\t\t<\/div> \n\t\t<\/div>\n\t<\/div> \n\n\t<div style=\"z-index: 100; \" class=\"vc_col-sm-6 vc_col-xs-12 wpb_column column_container vc_column_container col padding-1-percent el_spacing_10px no-extra-padding_tablet no-extra-padding_phone\"  data-padding-pos=\"all\" data-has-bg-color=\"false\" data-bg-color=\"\" data-bg-opacity=\"1\" data-animation=\"\" data-delay=\"0\" >\n\t\t<div class=\"vc_column-inner\" >\n\t\t\t<div class=\"wpb_wrapper\">\n\t\t\t\t<div id=\"fws_69d1efb8a1122\" data-midnight=\"\" data-column-margin=\"default\" class=\"wpb_row vc_row-fluid vc_row inner_row\"  style=\"\"><div class=\"row-bg-wrap\"> <div class=\"row-bg\" ><\/div> <\/div><div class=\"row_col_wrap_12_inner col span_12  left\">\n\t<div  class=\"vc_col-sm-12 wpb_column column_container vc_column_container col child_column has-animation no-extra-padding el_spacing_5px inherit_tablet inherit_phone\"   data-padding-pos=\"all\" data-has-bg-color=\"false\" data-bg-color=\"\" data-bg-opacity=\"1\" data-animation=\"fade-in-from-bottom\" data-delay=\"0\" >\n\t\t<div class=\"vc_column-inner\" >\n\t\t<div class=\"wpb_wrapper\">\n\t\t\t\n<div class=\"wpb_text_column wpb_content_element\" >\n\t<h2><strong>\u00catre impliqu\u00e9<\/strong><\/h2>\n<p>Nos parents sont actifs au sein de l'organisation des parents d'\u00e9l\u00e8ves (PTO) et apportent des changements positifs \u00e0 l'\u00e9cole. Le PTO se r\u00e9unit tous les mois de septembre \u00e0 mai. Visitez le site <a href=\"https:\/\/citysprings.school\/fr\/events\/\">\u00e9v\u00e9nements<\/a> pour conna\u00eetre la date de la prochaine r\u00e9union du PTO.<\/p>\n<p><span style=\"font-weight: 400;\">Nous disposons d'un groupe de b\u00e9n\u00e9voles ph\u00e9nom\u00e9nal compos\u00e9 de dirigeants communautaires \u00e0 la retraite qui assistent les enseignants et travaillent individuellement avec les \u00e9l\u00e8ves pour les aider dans leur apprentissage. Vous \u00eates int\u00e9ress\u00e9 ? Contactez le coordinateur de l'\u00e9cole communautaire, Aaron Trumino, \u00e0 l'adresse atrumino@elev8baltimore.org. \u00a0<\/span><\/p>\n<\/div>\n\n\n\n\n\t\t<\/div> \n\t<\/div>\n\t<\/div> \n<\/div><\/div>\n\t\t\t<\/div> \n\t\t<\/div>\n\t<\/div> \n<\/div><\/div>","protected":false},"excerpt":{"rendered":"Purple Power \u00ab Ce n&#039;est pas une couleur. C&#039;est une attitude ! Nous aimons le violet, de nos uniformes \u00e0 notre terrain en gazon unique en son genre\u00a0! C&#039;est bien plus que la couleur de notre \u00e9cole. En fait,...","protected":false},"author":2,"featured_media":0,"parent":0,"menu_order":0,"comment_status":"closed","ping_status":"closed","template":"","meta":{"footnotes":""},"class_list":["post-451","page","type-page","status-publish"],"yoast_head":"<!-- This site is optimized with the Yoast SEO plugin v27.3 - https:\/\/yoast.com\/product\/yoast-seo-wordpress\/ -->\n<title>Purple Power | City Springs Elementary \/ Middle School | Baltimore, MD<\/title>\n<meta name=\"description\" content=\"Our small size and proven curriculum mean we can customize learning to each student\u2019s strengths and needs.\" \/>\n<meta name=\"robots\" content=\"index, follow, max-snippet:-1, max-image-preview:large, max-video-preview:-1\" \/>\n<link rel=\"canonical\" href=\"https:\/\/citysprings.school\/fr\/purple-power\/\" \/>\n<meta property=\"og:locale\" content=\"fr_FR\" \/>\n<meta property=\"og:type\" content=\"article\" \/>\n<meta property=\"og:title\" content=\"Purple Power | City Springs Elementary \/ Middle School | Baltimore, MD\" \/>\n<meta property=\"og:description\" content=\"Our small size and proven curriculum mean we can customize learning to each student\u2019s strengths and needs.\" \/>\n<meta property=\"og:url\" content=\"https:\/\/citysprings.school\/fr\/purple-power\/\" \/>\n<meta property=\"og:site_name\" content=\"City Springs Elementary \/ Middle School\" \/>\n<meta property=\"article:publisher\" content=\"https:\/\/www.facebook.com\/Pimlico223\" \/>\n<meta property=\"article:modified_time\" content=\"2025-08-14T17:44:29+00:00\" \/>\n<meta name=\"twitter:card\" content=\"summary_large_image\" \/>\n<meta name=\"twitter:label1\" content=\"Dur\u00e9e de lecture estim\u00e9e\" \/>\n\t<meta name=\"twitter:data1\" content=\"7 minutes\" \/>\n<script type=\"application\/ld+json\" class=\"yoast-schema-graph\">{\"@context\":\"https:\\\/\\\/schema.org\",\"@graph\":[{\"@type\":\"WebPage\",\"@id\":\"https:\\\/\\\/citysprings.school\\\/purple-power\\\/\",\"url\":\"https:\\\/\\\/citysprings.school\\\/purple-power\\\/\",\"name\":\"Purple Power | City Springs Elementary \\\/ Middle School | Baltimore, MD\",\"isPartOf\":{\"@id\":\"https:\\\/\\\/citysprings.school\\\/#website\"},\"datePublished\":\"2024-02-14T18:23:36+00:00\",\"dateModified\":\"2025-08-14T17:44:29+00:00\",\"description\":\"Our small size and proven curriculum mean we can customize learning to each student\u2019s strengths and needs.\",\"breadcrumb\":{\"@id\":\"https:\\\/\\\/citysprings.school\\\/purple-power\\\/#breadcrumb\"},\"inLanguage\":\"fr-FR\",\"potentialAction\":[{\"@type\":\"ReadAction\",\"target\":[\"https:\\\/\\\/citysprings.school\\\/purple-power\\\/\"]}]},{\"@type\":\"BreadcrumbList\",\"@id\":\"https:\\\/\\\/citysprings.school\\\/purple-power\\\/#breadcrumb\",\"itemListElement\":[{\"@type\":\"ListItem\",\"position\":1,\"name\":\"Home\",\"item\":\"https:\\\/\\\/citysprings.school\\\/\"},{\"@type\":\"ListItem\",\"position\":2,\"name\":\"Purple Power\"}]},{\"@type\":\"WebSite\",\"@id\":\"https:\\\/\\\/citysprings.school\\\/#website\",\"url\":\"https:\\\/\\\/citysprings.school\\\/\",\"name\":\"City Springs Elementary \\\/ Middle School\",\"description\":\"A Neighborhood Charter School of Baltimore Curriculum Project\",\"publisher\":{\"@id\":\"https:\\\/\\\/citysprings.school\\\/#organization\"},\"potentialAction\":[{\"@type\":\"SearchAction\",\"target\":{\"@type\":\"EntryPoint\",\"urlTemplate\":\"https:\\\/\\\/citysprings.school\\\/?s={search_term_string}\"},\"query-input\":{\"@type\":\"PropertyValueSpecification\",\"valueRequired\":true,\"valueName\":\"search_term_string\"}}],\"inLanguage\":\"fr-FR\"},{\"@type\":\"Organization\",\"@id\":\"https:\\\/\\\/citysprings.school\\\/#organization\",\"name\":\"City Springs Elementary \\\/ Middle School\",\"url\":\"https:\\\/\\\/citysprings.school\\\/\",\"logo\":{\"@type\":\"ImageObject\",\"inLanguage\":\"fr-FR\",\"@id\":\"https:\\\/\\\/citysprings.school\\\/#\\\/schema\\\/logo\\\/image\\\/\",\"url\":\"https:\\\/\\\/wolfestreet.wpengine.com\\\/wp-content\\\/uploads\\\/2022\\\/09\\\/pimlico_logo_tagline.jpg\",\"contentUrl\":\"https:\\\/\\\/wolfestreet.wpengine.com\\\/wp-content\\\/uploads\\\/2022\\\/09\\\/pimlico_logo_tagline.jpg\",\"width\":488,\"height\":185,\"caption\":\"City Springs Elementary \\\/ Middle School\"},\"image\":{\"@id\":\"https:\\\/\\\/citysprings.school\\\/#\\\/schema\\\/logo\\\/image\\\/\"},\"sameAs\":[\"https:\\\/\\\/www.facebook.com\\\/Pimlico223\",\"https:\\\/\\\/www.instagram.com\\\/pimlico223\\\/\"]}]}<\/script>\n<!-- \/ Yoast SEO plugin. -->","yoast_head_json":{"title":"Puissance violette | \u00c9cole primaire\/coll\u00e8ge de City Springs | Baltimore, Maryland","description":"Notre petite taille et notre programme d'\u00e9tudes \u00e9prouv\u00e9 nous permettent de personnaliser l'apprentissage en fonction des points forts et des besoins de chaque \u00e9l\u00e8ve.","robots":{"index":"index","follow":"follow","max-snippet":"max-snippet:-1","max-image-preview":"max-image-preview:large","max-video-preview":"max-video-preview:-1"},"canonical":"https:\/\/citysprings.school\/fr\/purple-power\/","og_locale":"fr_FR","og_type":"article","og_title":"Purple Power | City Springs Elementary \/ Middle School | Baltimore, MD","og_description":"Our small size and proven curriculum mean we can customize learning to each student\u2019s strengths and needs.","og_url":"https:\/\/citysprings.school\/fr\/purple-power\/","og_site_name":"City Springs Elementary \/ Middle School","article_publisher":"https:\/\/www.facebook.com\/Pimlico223","article_modified_time":"2025-08-14T17:44:29+00:00","twitter_card":"summary_large_image","twitter_misc":{"Dur\u00e9e de lecture estim\u00e9e":"7 minutes"},"schema":{"@context":"https:\/\/schema.org","@graph":[{"@type":"WebPage","@id":"https:\/\/citysprings.school\/purple-power\/","url":"https:\/\/citysprings.school\/purple-power\/","name":"Puissance violette | \u00c9cole primaire\/coll\u00e8ge de City Springs | Baltimore, Maryland","isPartOf":{"@id":"https:\/\/citysprings.school\/#website"},"datePublished":"2024-02-14T18:23:36+00:00","dateModified":"2025-08-14T17:44:29+00:00","description":"Notre petite taille et notre programme d'\u00e9tudes \u00e9prouv\u00e9 nous permettent de personnaliser l'apprentissage en fonction des points forts et des besoins de chaque \u00e9l\u00e8ve.","breadcrumb":{"@id":"https:\/\/citysprings.school\/purple-power\/#breadcrumb"},"inLanguage":"fr-FR","potentialAction":[{"@type":"ReadAction","target":["https:\/\/citysprings.school\/purple-power\/"]}]},{"@type":"BreadcrumbList","@id":"https:\/\/citysprings.school\/purple-power\/#breadcrumb","itemListElement":[{"@type":"ListItem","position":1,"name":"Home","item":"https:\/\/citysprings.school\/"},{"@type":"ListItem","position":2,"name":"Purple Power"}]},{"@type":"WebSite","@id":"https:\/\/citysprings.school\/#website","url":"https:\/\/citysprings.school\/","name":"\u00c9cole primaire \/ coll\u00e8ge de City Springs","description":"Un projet de programme scolaire de la Neighborhood Charter School de Baltimore","publisher":{"@id":"https:\/\/citysprings.school\/#organization"},"potentialAction":[{"@type":"SearchAction","target":{"@type":"EntryPoint","urlTemplate":"https:\/\/citysprings.school\/?s={search_term_string}"},"query-input":{"@type":"PropertyValueSpecification","valueRequired":true,"valueName":"search_term_string"}}],"inLanguage":"fr-FR"},{"@type":"Organization","@id":"https:\/\/citysprings.school\/#organization","name":"\u00c9cole primaire \/ coll\u00e8ge de City Springs","url":"https:\/\/citysprings.school\/","logo":{"@type":"ImageObject","inLanguage":"fr-FR","@id":"https:\/\/citysprings.school\/#\/schema\/logo\/image\/","url":"https:\/\/wolfestreet.wpengine.com\/wp-content\/uploads\/2022\/09\/pimlico_logo_tagline.jpg","contentUrl":"https:\/\/wolfestreet.wpengine.com\/wp-content\/uploads\/2022\/09\/pimlico_logo_tagline.jpg","width":488,"height":185,"caption":"City Springs Elementary \/ Middle School"},"image":{"@id":"https:\/\/citysprings.school\/#\/schema\/logo\/image\/"},"sameAs":["https:\/\/www.facebook.com\/Pimlico223","https:\/\/www.instagram.com\/pimlico223\/"]}]}},"featured_image_src":null,"featured_image_src_square":null,"_links":{"self":[{"href":"https:\/\/citysprings.school\/fr\/wp-json\/wp\/v2\/pages\/451","targetHints":{"allow":["GET"]}}],"collection":[{"href":"https:\/\/citysprings.school\/fr\/wp-json\/wp\/v2\/pages"}],"about":[{"href":"https:\/\/citysprings.school\/fr\/wp-json\/wp\/v2\/types\/page"}],"author":[{"embeddable":true,"href":"https:\/\/citysprings.school\/fr\/wp-json\/wp\/v2\/users\/2"}],"replies":[{"embeddable":true,"href":"https:\/\/citysprings.school\/fr\/wp-json\/wp\/v2\/comments?post=451"}],"version-history":[{"count":0,"href":"https:\/\/citysprings.school\/fr\/wp-json\/wp\/v2\/pages\/451\/revisions"}],"wp:attachment":[{"href":"https:\/\/citysprings.school\/fr\/wp-json\/wp\/v2\/media?parent=451"}],"curies":[{"name":"wp","href":"https:\/\/api.w.org\/{rel}","templated":true}]}}