
{"id":72,"date":"2022-09-13T13:51:42","date_gmt":"2022-09-13T17:51:42","guid":{"rendered":"https:\/\/pimlico.wpengine.com\/?page_id=72"},"modified":"2024-07-10T10:12:58","modified_gmt":"2024-07-10T14:12:58","slug":"enrichment","status":"publish","type":"page","link":"https:\/\/citysprings.school\/fr\/enrichment\/","title":{"rendered":"Enrichissement"},"content":{"rendered":"<div id=\"fws_69d24cf12964c\"  data-column-margin=\"10px\" data-midnight=\"light\"  class=\"wpb_row vc_row-fluid vc_row full-width-section has-row-bg-color vc_row-o-equal-height vc_row-flex vc_row-o-content-middle\"  style=\"padding-top: 0px; padding-bottom: 0px; --row-bg-color: #7741b3;\"><div class=\"row-bg-wrap\" data-bg-animation=\"none\" data-bg-animation-delay=\"\" data-bg-overlay=\"false\"><div class=\"inner-wrap row-bg-layer\" ><div class=\"row-bg viewport-desktop using-bg-color\"  style=\"background-color: #7741b3; \"><\/div><\/div><\/div><div class=\"row_col_wrap_12 col span_12 light right\">\n\t<div  class=\"vc_col-sm-6 vc_col-xs-12 wpb_column column_container vc_column_container col padding-8-percent force-phone-text-align-center inherit_tablet padding-2-percent_phone\"  data-padding-pos=\"all\" data-has-bg-color=\"false\" data-bg-color=\"\" data-bg-opacity=\"1\" data-animation=\"\" data-delay=\"0\" >\n\t\t<div class=\"vc_column-inner\" >\n\t\t\t<div class=\"wpb_wrapper\">\n\t\t\t\t\n<div class=\"wpb_text_column wpb_content_element\" >\n\t<h1>Enrichissement<\/h1>\n<\/div>\n\n\n\n\n\t\t\t<\/div> \n\t\t<\/div>\n\t<\/div> \n\n\t<div style=\"\" class=\"vc_col-sm-3 vc_col-xs-6 wpb_column column_container vc_column_container col no-extra-padding inherit_tablet padding-8-percent_phone\" data-using-bg=\"true\" data-bg-cover=\"true\" data-padding-pos=\"all\" data-has-bg-color=\"false\" data-bg-color=\"\" data-bg-opacity=\"1\" data-animation=\"\" data-delay=\"0\" >\n\t\t<div class=\"vc_column-inner\" ><div class=\"column-image-bg-wrap column-bg-layer viewport-desktop\" data-bg-pos=\"center center\" data-bg-animation=\"none\" data-bg-overlay=\"false\"><div class=\"inner-wrap\"><div class=\"column-image-bg\" style=\" background-image: url('https:\/\/citysprings.school\/wp-content\/uploads\/2024\/06\/City_Springs-children-playing-football-on-track.jpeg'); \"><\/div><\/div><\/div>\n\t\t\t<div class=\"wpb_wrapper\">\n\t\t\t\t\n\t\t\t<\/div> \n\t\t<\/div>\n\t<\/div> \n\n\t<div style=\"\" class=\"vc_col-sm-3 vc_col-xs-6 wpb_column column_container vc_column_container col no-extra-padding inherit_tablet padding-8-percent_phone\" data-using-bg=\"true\" data-bg-cover=\"true\" data-padding-pos=\"all\" data-has-bg-color=\"false\" data-bg-color=\"\" data-bg-opacity=\"1\" data-animation=\"\" data-delay=\"0\" >\n\t\t<div class=\"vc_column-inner\" ><div class=\"column-image-bg-wrap column-bg-layer viewport-desktop\" data-bg-pos=\"center center\" data-bg-animation=\"none\" data-bg-overlay=\"false\"><div class=\"inner-wrap\"><div class=\"column-image-bg\" style=\" background-image: url('https:\/\/citysprings.school\/wp-content\/uploads\/2024\/06\/City_Springs-Students-posing-for-picture.jpeg'); \"><\/div><\/div><\/div>\n\t\t\t<div class=\"wpb_wrapper\">\n\t\t\t\t\n\t\t\t<\/div> \n\t\t<\/div>\n\t<\/div> \n<\/div><\/div>\n\t\t<div id=\"home\"  data-column-margin=\"90px\" data-midnight=\"dark\"  class=\"wpb_row vc_row-fluid vc_row full-width-section has-row-bg-color vc_row-o-equal-height vc_row-flex vc_row-o-content-middle  reverse_columns_column_tablet reverse_columns_column_phone top_padding_tablet_8pct bottom_padding_tablet_8pct\"  style=\"padding-top: 0px; padding-bottom: 0px; --row-bg-color: #ffffff;\"><div class=\"row-bg-wrap\" data-bg-animation=\"none\" data-bg-animation-delay=\"\" data-bg-overlay=\"false\"><div class=\"inner-wrap row-bg-layer\" ><div class=\"row-bg viewport-desktop using-bg-color\"  style=\"background-color: #ffffff; \"><\/div><\/div><\/div><div class=\"row_col_wrap_12 col span_12 dark left\">\n\t<div style=\"\" class=\"vc_col-sm-6 vc_col-xs-12 wpb_column column_container vc_column_container col no-extra-padding inherit_tablet inherit_phone\" data-using-bg=\"true\" data-bg-cover=\"true\" data-padding-pos=\"all\" data-has-bg-color=\"false\" data-bg-color=\"\" data-bg-opacity=\"1\" data-animation=\"\" data-delay=\"0\" >\n\t\t<div class=\"vc_column-inner\" ><div class=\"column-image-bg-wrap column-bg-layer viewport-desktop\" data-bg-pos=\"center center\" data-bg-animation=\"none\" data-bg-overlay=\"false\"><div class=\"inner-wrap\"><div class=\"column-image-bg\" style=\" background-image: url('https:\/\/citysprings.school\/wp-content\/uploads\/2024\/06\/City_Springs-Students-creating-with-Legos.jpeg'); \"><\/div><\/div><\/div>\n\t\t\t<div class=\"wpb_wrapper\">\n\t\t\t\t<div class=\"divider-wrap height_tablet_40vh height_phone_300px\" data-alignment=\"default\"><div style=\"height: 30vh;\" class=\"divider\"><\/div><\/div>\n\t\t\t<\/div> \n\t\t<\/div>\n\t<\/div> \n\n\t<div style=\"z-index: 100; \" class=\"vc_col-sm-6 vc_col-xs-12 wpb_column column_container vc_column_container col padding-4-percent el_spacing_10px no-extra-padding_tablet no-extra-padding_phone\"  data-padding-pos=\"right\" data-has-bg-color=\"false\" data-bg-color=\"\" data-bg-opacity=\"1\" data-animation=\"\" data-delay=\"0\" >\n\t\t<div class=\"vc_column-inner\" >\n\t\t\t<div class=\"wpb_wrapper\">\n\t\t\t\t<div id=\"fws_69d24cf12b148\" data-midnight=\"\" data-column-margin=\"default\" class=\"wpb_row vc_row-fluid vc_row inner_row\"  style=\"\"><div class=\"row-bg-wrap\"> <div class=\"row-bg\" ><\/div> <\/div><div class=\"row_col_wrap_12_inner col span_12  left\">\n\t<div  class=\"vc_col-sm-12 wpb_column column_container vc_column_container col child_column has-animation no-extra-padding el_spacing_5px inherit_tablet inherit_phone\"   data-padding-pos=\"all\" data-has-bg-color=\"false\" data-bg-color=\"\" data-bg-opacity=\"1\" data-animation=\"fade-in-from-bottom\" data-delay=\"0\" >\n\t\t<div class=\"vc_column-inner\" >\n\t\t<div class=\"wpb_wrapper\">\n\t\t\t\n<div class=\"wpb_text_column wpb_content_element  vc_custom_1712173666228\" >\n\t<h2><span style=\"color: #7741b3;\">L&#039;apprentissage ne s&#039;arr\u00eate jamais. <\/span><\/h2>\n<p>Nous proposons des programmes d&#039;\u00e9t\u00e9 passionnants parascolaires, sur site et hors site, ainsi qu&#039;un vaste programme sportif permettant \u00e0 nos \u00e9tudiants d&#039;explorer, d&#039;apprendre et de d\u00e9couvrir exactement de quoi ils sont capables.<\/p>\n<\/div>\n\n\n\n\n\t\t<\/div> \n\t<\/div>\n\t<\/div> \n<\/div><\/div>\n\t\t\t<\/div> \n\t\t<\/div>\n\t<\/div> \n<\/div><\/div>\n\t\t<div id=\"fws_69d24cf12b4a8\"  data-column-margin=\"default\" data-midnight=\"dark\"  class=\"wpb_row vc_row-fluid vc_row full-width-content has-row-bg-color vc_row-o-equal-height vc_row-flex vc_row-o-content-top\"  style=\"padding-top: 0px; padding-bottom: 0px; --row-bg-color: #1a1d21;\"><div class=\"row-bg-wrap\" data-bg-animation=\"none\" data-bg-animation-delay=\"\" data-bg-overlay=\"false\"><div class=\"inner-wrap row-bg-layer\" ><div class=\"row-bg viewport-desktop using-bg-color\"  style=\"background-color: #1a1d21; \"><\/div><\/div><\/div><div class=\"row_col_wrap_12 col span_12 dark left\">\n\t<div style=\" color: #ffffff;\" class=\"vc_col-sm-4 wpb_column column_container vc_column_container col padding-5-percent inherit_tablet inherit_phone\" data-cfc=\"true\" data-using-bg=\"true\" data-padding-pos=\"all\" data-has-bg-color=\"true\" data-bg-color=\"#7741b3\" data-bg-opacity=\"1\" data-animation=\"\" data-delay=\"0\" >\n\t\t<div class=\"vc_column-inner\" ><div class=\"column-bg-overlay-wrap column-bg-layer\" data-bg-animation=\"none\"><div class=\"column-bg-overlay\" style=\"opacity: 1; background-color: #7741b3;\"><\/div><\/div>\n\t\t\t<div class=\"wpb_wrapper\">\n\t\t\t\t\n<div class=\"wpb_text_column wpb_content_element  vc_custom_1718129993278\" >\n\t<h2 style=\"text-align: center;\">Apr\u00e8s l&#039;\u00e9cole<\/h2>\n<\/div>\n\n\n\n\n<div class=\"wpb_text_column wpb_content_element\" >\n\t<p><span style=\"font-weight: 400; color: #ffffff;\">Notre programme apr\u00e8s l&#039;\u00e9cole Eagles Nest est financ\u00e9 par une subvention du minist\u00e8re de l&#039;\u00c9ducation de l&#039;\u00c9tat du Maryland et propose 25 semaines de programmes \u00e0 75 \u00e0 90 \u00e9l\u00e8ves, de la maternelle \u00e0 la 8e ann\u00e9e, notamment\u00a0:<\/span><\/p>\n<ul>\n<li style=\"font-weight: 400;\" aria-level=\"1\"><span style=\"font-weight: 400; color: #ffffff;\">Aide aux devoirs<\/span><\/li>\n<li style=\"font-weight: 400;\" aria-level=\"1\"><span style=\"color: #ffffff;\"><span style=\"font-weight: 400;\">Programmation STEM pratique avec <\/span><span style=\"text-decoration: underline;\"><a style=\"text-decoration: underline; color: #ffffff;\" href=\"https:\/\/letsgoboysandgirls.org\/\"><span style=\"font-weight: 400;\"><strong>ALLONS-Y Gar\u00e7ons et Filles<\/strong><\/span><\/a><span style=\"font-weight: 400;\">\u00a0<\/span><\/span><\/span><\/li>\n<li style=\"font-weight: 400;\" aria-level=\"1\"><span style=\"color: #ffffff;\"><span style=\"font-weight: 400;\">Enrichissement quotidien \u00e0<\/span><strong><span style=\"text-decoration: underline;\"><a style=\"text-decoration: underline; color: #ffffff;\" href=\"https:\/\/www.livingclassrooms.org\/ourp_pgming_youth_development_center.php\"> La Maison UA<\/a><\/span><\/strong><span style=\"font-weight: 400;\"> avec un terrain couvert en gazon (parrain\u00e9 par les Ravens de Baltimore), un centre de tutorat, un laboratoire de d\u00e9veloppement de la main-d&#039;\u0153uvre et d&#039;entrepreneuriat, un studio de danse et de yoga et une cuisine de quartier\u00a0<\/span><\/span><\/li>\n<li style=\"font-weight: 400;\" aria-level=\"1\"><span style=\"font-weight: 400; color: #ffffff;\">Collation et d\u00eener sant\u00e9<\/span><\/li>\n<li style=\"font-weight: 400;\" aria-level=\"1\"><span style=\"font-weight: 400; color: #ffffff;\">Services pour soutenir l\u2019implication des parents.\u00a0<\/span><\/li>\n<\/ul>\n<\/div>\n\n\n\n\n\t\t\t<\/div> \n\t\t<\/div>\n\t<\/div> \n\n\t<div style=\"\" class=\"vc_col-sm-4 wpb_column column_container vc_column_container col padding-4-percent inherit_tablet padding-4-percent_phone border_top_desktop_2px border_color_7741b3 border_style_solid\" data-using-bg=\"true\" data-padding-pos=\"all\" data-has-bg-color=\"true\" data-bg-color=\"#ffffff\" data-bg-opacity=\"1\" data-animation=\"\" data-delay=\"0\" >\n\t\t<div class=\"vc_column-inner\" ><div class=\"column-bg-overlay-wrap column-bg-layer\" data-bg-animation=\"none\"><div class=\"column-bg-overlay\" style=\"opacity: 1; background-color: #ffffff;\"><\/div><\/div>\n\t\t\t<div class=\"wpb_wrapper\">\n\t\t\t\t\n<div class=\"wpb_text_column wpb_content_element  vc_custom_1718129986492\" >\n\t<h2 style=\"text-align: center;\">Enrichissement toute l\u2019ann\u00e9e<\/h2>\n<\/div>\n\n\n\n\n<div class=\"wpb_text_column wpb_content_element\" >\n\t<h4><span style=\"font-weight: 400;\">Nous sommes une ressource toute l&#039;ann\u00e9e pour nos \u00e9tudiants avec un enrichissement gr\u00e2ce \u00e0<\/span><a href=\"http:\/\/middlegradespartnership.org\/\"> <span style=\"font-weight: 400;\">Partenariat pour les niveaux interm\u00e9diaires<\/span><\/a><span style=\"font-weight: 400;\"> avec l&#039;\u00e9cole pr\u00e9paratoire Maryvale, le <\/span><span style=\"font-weight: 400;\">POWERHOUSE communautaire <\/span><span style=\"font-weight: 400;\">g\u00e9r\u00e9 par la Fondation Living Classrooms.<\/span><\/h4>\n<\/div>\n\n\n\n<div class=\"divider-wrap\" data-alignment=\"default\"><div style=\"height: 25px;\" class=\"divider\"><\/div><\/div><div class=\"img-with-aniamtion-wrap\" data-max-width=\"100%\" data-max-width-mobile=\"default\" data-shadow=\"none\" data-animation=\"fade-in\" >\n      <div class=\"inner\">\n        <div class=\"hover-wrap\"> \n          <div class=\"hover-wrap-inner\">\n            <img loading=\"lazy\" decoding=\"async\" class=\"img-with-animation skip-lazy\" data-delay=\"0\" height=\"853\" width=\"1280\" data-animation=\"fade-in\" src=\"https:\/\/citysprings.school\/wp-content\/uploads\/2024\/06\/City_Springs-students-looking-into-microscope.jpeg\" alt=\"Des \u00e9tudiants de City Springs examinent un microscope\" srcset=\"https:\/\/citysprings.school\/wp-content\/uploads\/2024\/06\/City_Springs-students-looking-into-microscope.jpeg 1280w, https:\/\/citysprings.school\/wp-content\/uploads\/2024\/06\/City_Springs-students-looking-into-microscope-300x200.jpeg 300w, https:\/\/citysprings.school\/wp-content\/uploads\/2024\/06\/City_Springs-students-looking-into-microscope-1024x682.jpeg 1024w, https:\/\/citysprings.school\/wp-content\/uploads\/2024\/06\/City_Springs-students-looking-into-microscope-768x512.jpeg 768w, https:\/\/citysprings.school\/wp-content\/uploads\/2024\/06\/City_Springs-students-looking-into-microscope-200x133.jpeg 200w, https:\/\/citysprings.school\/wp-content\/uploads\/2024\/06\/City_Springs-students-looking-into-microscope-600x400.jpeg 600w, https:\/\/citysprings.school\/wp-content\/uploads\/2024\/06\/City_Springs-students-looking-into-microscope-900x600.jpeg 900w\" sizes=\"auto, (max-width: 1280px) 100vw, 1280px\" \/>\n          <\/div>\n        <\/div>\n        \n      <\/div>\n    <\/div>\n\t\t\t<\/div> \n\t\t<\/div>\n\t<\/div> \n\n\t<div style=\" color: #ffffff;\" class=\"vc_col-sm-4 wpb_column column_container vc_column_container col padding-5-percent inherit_tablet inherit_phone\" data-cfc=\"true\" data-using-bg=\"true\" data-padding-pos=\"all\" data-has-bg-color=\"true\" data-bg-color=\"#7741b3\" data-bg-opacity=\"1\" data-animation=\"\" data-delay=\"0\" >\n\t\t<div class=\"vc_column-inner\" ><div class=\"column-bg-overlay-wrap column-bg-layer\" data-bg-animation=\"none\"><div class=\"column-bg-overlay\" style=\"opacity: 1; background-color: #7741b3;\"><\/div><\/div>\n\t\t\t<div class=\"wpb_wrapper\">\n\t\t\t\t\n<div class=\"wpb_text_column wpb_content_element  vc_custom_1718129975819\" >\n\t<h2 style=\"text-align: center;\">Athl\u00e9tisme<\/h2>\n<\/div>\n\n\n\n\n<div class=\"wpb_text_column wpb_content_element\" >\n\t<p><span style=\"color: #ffffff;\">Notre programme sportif diversifi\u00e9 soutient la r\u00e9ussite scolaire et la r\u00e9ussite des \u00e9tudiants. Les \u00e9tudiants-athl\u00e8tes doivent maintenir un niveau acad\u00e9mique \u00e9lev\u00e9, d\u00e9montrer des qualit\u00e9s de leadership, faire preuve d&#039;un haut niveau de comportement et d&#039;un excellent esprit sportif, et maintenir une moyenne quotidienne de 90%.<\/span><\/p>\n<ul>\n<li><span style=\"color: #ffffff;\">Athl\u00e9tisme pour les niveaux primaire et interm\u00e9diaire<\/span><\/li>\n<li><span style=\"color: #ffffff;\">\u00c9quipes de football, de football, de volley-ball, de basket-ball, de lutte, de baseball, de softball, de cheerleading, d&#039;athl\u00e9tisme et de golf.<\/span><\/li>\n<li><span style=\"color: #ffffff;\"><a style=\"color: #ffffff;\" href=\"https:\/\/www.girlsontherun.org\/\" target=\"_blank\" rel=\"noopener\"><span style=\"text-decoration: underline;\"><strong>Les filles qui courent<\/strong><\/span><\/a> club de course<\/span><\/li>\n<\/ul>\n<\/div>\n\n\n\n\n\t\t\t<\/div> \n\t\t<\/div>\n\t<\/div> \n<\/div><\/div>\n\t\t<div id=\"fws_69d24cf12c90c\"  data-column-margin=\"default\" data-midnight=\"dark\"  class=\"wpb_row vc_row-fluid vc_row full-width-section\"  style=\"padding-top: 0px; padding-bottom: 0px; \"><div class=\"row-bg-wrap\" data-bg-animation=\"none\" data-bg-animation-delay=\"\" data-bg-overlay=\"false\"><div class=\"inner-wrap row-bg-layer using-image\" ><div class=\"row-bg viewport-desktop using-image\"  style=\"background-image: url(https:\/\/citysprings.school\/wp-content\/uploads\/2024\/06\/City-Spring-athletic-field-purple.jpeg); background-position: center center; background-repeat: no-repeat; \"><\/div><\/div><\/div><div class=\"row_col_wrap_12 col span_12 dark left\">\n\t<div  class=\"vc_col-sm-12 wpb_column column_container vc_column_container col no-extra-padding inherit_tablet inherit_phone\"  data-padding-pos=\"all\" data-has-bg-color=\"false\" data-bg-color=\"\" data-bg-opacity=\"1\" data-animation=\"\" data-delay=\"0\" >\n\t\t<div class=\"vc_column-inner\" >\n\t\t\t<div class=\"wpb_wrapper\">\n\t\t\t\t<div class=\"divider-wrap\" data-alignment=\"default\"><div style=\"height: 35vh;\" class=\"divider\"><\/div><\/div>\n\t\t\t<\/div> \n\t\t<\/div>\n\t<\/div> \n<\/div><\/div>\n\t\t<div id=\"home\"  data-column-margin=\"90px\" data-midnight=\"dark\"  class=\"wpb_row vc_row-fluid vc_row full-width-section has-row-bg-color vc_row-o-equal-height vc_row-flex vc_row-o-content-middle  top_padding_tablet_8pct bottom_padding_tablet_8pct\" data-using-ctc=\"true\" style=\"padding-top: 0px; padding-bottom: 0px; color: var(--nectar-page-text-color,#ffffff); --row-bg-color: #7741b3;\"><div class=\"row-bg-wrap\" data-bg-animation=\"none\" data-bg-animation-delay=\"\" data-bg-overlay=\"false\"><div class=\"inner-wrap row-bg-layer\" ><div class=\"row-bg viewport-desktop using-bg-color\"  style=\"background-color: #7741b3; \"><\/div><\/div><\/div><div class=\"row_col_wrap_12 col span_12 custom left\">\n\t<div style=\"z-index: 100; \" class=\"vc_col-sm-12 vc_col-xs-12 wpb_column column_container vc_column_container col padding-7-percent el_spacing_10px no-extra-padding_tablet no-extra-padding_phone\"  data-padding-pos=\"all\" data-has-bg-color=\"false\" data-bg-color=\"\" data-bg-opacity=\"1\" data-animation=\"\" data-delay=\"0\" >\n\t\t<div class=\"vc_column-inner\" >\n\t\t\t<div class=\"wpb_wrapper\">\n\t\t\t\t\n<div class=\"wpb_text_column wpb_content_element\" >\n\t<h3>Une grande partie de notre Purple Pride \u00e0 City Springs est notre partenariat continu avec les Ravens de Baltimore. Les joueurs et les entra\u00eeneurs viennent inspirer nos enseignants et nos \u00e9tudiants, et les Ravens ont apport\u00e9 une contribution significative \u00e0 notre terrain en gazon violet.<\/h3>\n<\/div>\n\n\n\n\n\t\t\t<\/div> \n\t\t<\/div>\n\t<\/div> \n<\/div><\/div>","protected":false},"excerpt":{"rendered":"L&#039;apprentissage enrichissant ne s&#039;arr\u00eate jamais. Nous proposons des programmes d&#039;\u00e9t\u00e9 passionnants parascolaires, sur place et hors site, ainsi qu&#039;un vaste programme sportif permettant \u00e0 nos \u00e9tudiants d&#039;explorer, d&#039;apprendre et de d\u00e9couvrir exactement ce qu&#039;ils...","protected":false},"author":2,"featured_media":0,"parent":0,"menu_order":0,"comment_status":"closed","ping_status":"closed","template":"","meta":{"footnotes":""},"class_list":["post-72","page","type-page","status-publish"],"yoast_head":"<!-- This site is optimized with the Yoast SEO plugin v27.3 - https:\/\/yoast.com\/product\/yoast-seo-wordpress\/ -->\n<title>Enrichment | City Springs Elementary \/ Middle School | Baltimore City Charter School<\/title>\n<meta name=\"description\" content=\"Our students enjoy weekly enrichment classes in art, physical education, and technology taught by dedicated, subject-expert teachers.\" \/>\n<meta name=\"robots\" content=\"index, follow, max-snippet:-1, max-image-preview:large, max-video-preview:-1\" \/>\n<link rel=\"canonical\" href=\"https:\/\/citysprings.school\/fr\/enrichment\/\" \/>\n<meta property=\"og:locale\" content=\"fr_FR\" \/>\n<meta property=\"og:type\" content=\"article\" \/>\n<meta property=\"og:title\" content=\"Enrichment | City Springs Elementary \/ Middle School | Baltimore City Charter School\" \/>\n<meta property=\"og:description\" content=\"Our students enjoy weekly enrichment classes in art, physical education, and technology taught by dedicated, subject-expert teachers.\" \/>\n<meta property=\"og:url\" content=\"https:\/\/citysprings.school\/fr\/enrichment\/\" \/>\n<meta property=\"og:site_name\" content=\"City Springs Elementary \/ Middle School\" \/>\n<meta property=\"article:publisher\" content=\"https:\/\/www.facebook.com\/Pimlico223\" \/>\n<meta property=\"article:modified_time\" content=\"2024-07-10T14:12:58+00:00\" \/>\n<meta name=\"twitter:card\" content=\"summary_large_image\" \/>\n<meta name=\"twitter:label1\" content=\"Dur\u00e9e de lecture estim\u00e9e\" \/>\n\t<meta name=\"twitter:data1\" content=\"5 minutes\" \/>\n<script type=\"application\/ld+json\" class=\"yoast-schema-graph\">{\"@context\":\"https:\\\/\\\/schema.org\",\"@graph\":[{\"@type\":\"WebPage\",\"@id\":\"https:\\\/\\\/citysprings.school\\\/enrichment\\\/\",\"url\":\"https:\\\/\\\/citysprings.school\\\/enrichment\\\/\",\"name\":\"Enrichment | City Springs Elementary \\\/ Middle School | Baltimore City Charter School\",\"isPartOf\":{\"@id\":\"https:\\\/\\\/citysprings.school\\\/#website\"},\"datePublished\":\"2022-09-13T17:51:42+00:00\",\"dateModified\":\"2024-07-10T14:12:58+00:00\",\"description\":\"Our students enjoy weekly enrichment classes in art, physical education, and technology taught by dedicated, subject-expert teachers.\",\"breadcrumb\":{\"@id\":\"https:\\\/\\\/citysprings.school\\\/enrichment\\\/#breadcrumb\"},\"inLanguage\":\"fr-FR\",\"potentialAction\":[{\"@type\":\"ReadAction\",\"target\":[\"https:\\\/\\\/citysprings.school\\\/enrichment\\\/\"]}]},{\"@type\":\"BreadcrumbList\",\"@id\":\"https:\\\/\\\/citysprings.school\\\/enrichment\\\/#breadcrumb\",\"itemListElement\":[{\"@type\":\"ListItem\",\"position\":1,\"name\":\"Home\",\"item\":\"https:\\\/\\\/citysprings.school\\\/\"},{\"@type\":\"ListItem\",\"position\":2,\"name\":\"Enrichment\"}]},{\"@type\":\"WebSite\",\"@id\":\"https:\\\/\\\/citysprings.school\\\/#website\",\"url\":\"https:\\\/\\\/citysprings.school\\\/\",\"name\":\"City Springs Elementary \\\/ Middle School\",\"description\":\"A Neighborhood Charter School of Baltimore Curriculum Project\",\"publisher\":{\"@id\":\"https:\\\/\\\/citysprings.school\\\/#organization\"},\"potentialAction\":[{\"@type\":\"SearchAction\",\"target\":{\"@type\":\"EntryPoint\",\"urlTemplate\":\"https:\\\/\\\/citysprings.school\\\/?s={search_term_string}\"},\"query-input\":{\"@type\":\"PropertyValueSpecification\",\"valueRequired\":true,\"valueName\":\"search_term_string\"}}],\"inLanguage\":\"fr-FR\"},{\"@type\":\"Organization\",\"@id\":\"https:\\\/\\\/citysprings.school\\\/#organization\",\"name\":\"City Springs Elementary \\\/ Middle School\",\"url\":\"https:\\\/\\\/citysprings.school\\\/\",\"logo\":{\"@type\":\"ImageObject\",\"inLanguage\":\"fr-FR\",\"@id\":\"https:\\\/\\\/citysprings.school\\\/#\\\/schema\\\/logo\\\/image\\\/\",\"url\":\"https:\\\/\\\/wolfestreet.wpengine.com\\\/wp-content\\\/uploads\\\/2022\\\/09\\\/pimlico_logo_tagline.jpg\",\"contentUrl\":\"https:\\\/\\\/wolfestreet.wpengine.com\\\/wp-content\\\/uploads\\\/2022\\\/09\\\/pimlico_logo_tagline.jpg\",\"width\":488,\"height\":185,\"caption\":\"City Springs Elementary \\\/ Middle School\"},\"image\":{\"@id\":\"https:\\\/\\\/citysprings.school\\\/#\\\/schema\\\/logo\\\/image\\\/\"},\"sameAs\":[\"https:\\\/\\\/www.facebook.com\\\/Pimlico223\",\"https:\\\/\\\/www.instagram.com\\\/pimlico223\\\/\"]}]}<\/script>\n<!-- \/ Yoast SEO plugin. -->","yoast_head_json":{"title":"Enrichissement | \u00c9cole primaire\/coll\u00e8ge de City Springs | \u00c9cole \u00e0 charte de la ville de Baltimore","description":"Nos \u00e9l\u00e8ves b\u00e9n\u00e9ficient de cours hebdomadaires d'enrichissement dans les domaines de l'art, de l'\u00e9ducation physique et de la technologie, dispens\u00e9s par des enseignants d\u00e9vou\u00e9s et experts en la mati\u00e8re.","robots":{"index":"index","follow":"follow","max-snippet":"max-snippet:-1","max-image-preview":"max-image-preview:large","max-video-preview":"max-video-preview:-1"},"canonical":"https:\/\/citysprings.school\/fr\/enrichment\/","og_locale":"fr_FR","og_type":"article","og_title":"Enrichment | City Springs Elementary \/ Middle School | Baltimore City Charter School","og_description":"Our students enjoy weekly enrichment classes in art, physical education, and technology taught by dedicated, subject-expert teachers.","og_url":"https:\/\/citysprings.school\/fr\/enrichment\/","og_site_name":"City Springs Elementary \/ Middle School","article_publisher":"https:\/\/www.facebook.com\/Pimlico223","article_modified_time":"2024-07-10T14:12:58+00:00","twitter_card":"summary_large_image","twitter_misc":{"Dur\u00e9e de lecture estim\u00e9e":"5 minutes"},"schema":{"@context":"https:\/\/schema.org","@graph":[{"@type":"WebPage","@id":"https:\/\/citysprings.school\/enrichment\/","url":"https:\/\/citysprings.school\/enrichment\/","name":"Enrichissement | \u00c9cole primaire\/coll\u00e8ge de City Springs | \u00c9cole \u00e0 charte de la ville de Baltimore","isPartOf":{"@id":"https:\/\/citysprings.school\/#website"},"datePublished":"2022-09-13T17:51:42+00:00","dateModified":"2024-07-10T14:12:58+00:00","description":"Nos \u00e9l\u00e8ves b\u00e9n\u00e9ficient de cours hebdomadaires d'enrichissement dans les domaines de l'art, de l'\u00e9ducation physique et de la technologie, dispens\u00e9s par des enseignants d\u00e9vou\u00e9s et experts en la mati\u00e8re.","breadcrumb":{"@id":"https:\/\/citysprings.school\/enrichment\/#breadcrumb"},"inLanguage":"fr-FR","potentialAction":[{"@type":"ReadAction","target":["https:\/\/citysprings.school\/enrichment\/"]}]},{"@type":"BreadcrumbList","@id":"https:\/\/citysprings.school\/enrichment\/#breadcrumb","itemListElement":[{"@type":"ListItem","position":1,"name":"Home","item":"https:\/\/citysprings.school\/"},{"@type":"ListItem","position":2,"name":"Enrichment"}]},{"@type":"WebSite","@id":"https:\/\/citysprings.school\/#website","url":"https:\/\/citysprings.school\/","name":"\u00c9cole primaire \/ coll\u00e8ge de City Springs","description":"Un projet de programme scolaire de la Neighborhood Charter School de Baltimore","publisher":{"@id":"https:\/\/citysprings.school\/#organization"},"potentialAction":[{"@type":"SearchAction","target":{"@type":"EntryPoint","urlTemplate":"https:\/\/citysprings.school\/?s={search_term_string}"},"query-input":{"@type":"PropertyValueSpecification","valueRequired":true,"valueName":"search_term_string"}}],"inLanguage":"fr-FR"},{"@type":"Organization","@id":"https:\/\/citysprings.school\/#organization","name":"\u00c9cole primaire \/ coll\u00e8ge de City Springs","url":"https:\/\/citysprings.school\/","logo":{"@type":"ImageObject","inLanguage":"fr-FR","@id":"https:\/\/citysprings.school\/#\/schema\/logo\/image\/","url":"https:\/\/wolfestreet.wpengine.com\/wp-content\/uploads\/2022\/09\/pimlico_logo_tagline.jpg","contentUrl":"https:\/\/wolfestreet.wpengine.com\/wp-content\/uploads\/2022\/09\/pimlico_logo_tagline.jpg","width":488,"height":185,"caption":"City Springs Elementary \/ Middle School"},"image":{"@id":"https:\/\/citysprings.school\/#\/schema\/logo\/image\/"},"sameAs":["https:\/\/www.facebook.com\/Pimlico223","https:\/\/www.instagram.com\/pimlico223\/"]}]}},"featured_image_src":null,"featured_image_src_square":null,"_links":{"self":[{"href":"https:\/\/citysprings.school\/fr\/wp-json\/wp\/v2\/pages\/72","targetHints":{"allow":["GET"]}}],"collection":[{"href":"https:\/\/citysprings.school\/fr\/wp-json\/wp\/v2\/pages"}],"about":[{"href":"https:\/\/citysprings.school\/fr\/wp-json\/wp\/v2\/types\/page"}],"author":[{"embeddable":true,"href":"https:\/\/citysprings.school\/fr\/wp-json\/wp\/v2\/users\/2"}],"replies":[{"embeddable":true,"href":"https:\/\/citysprings.school\/fr\/wp-json\/wp\/v2\/comments?post=72"}],"version-history":[{"count":0,"href":"https:\/\/citysprings.school\/fr\/wp-json\/wp\/v2\/pages\/72\/revisions"}],"wp:attachment":[{"href":"https:\/\/citysprings.school\/fr\/wp-json\/wp\/v2\/media?parent=72"}],"curies":[{"name":"wp","href":"https:\/\/api.w.org\/{rel}","templated":true}]}}